{"id":439,"date":"2023-02-21T19:30:53","date_gmt":"2023-02-21T18:30:53","guid":{"rendered":"https:\/\/sitam.bplaced.net\/?post_type=product&#038;p=439"},"modified":"2023-02-22T12:11:28","modified_gmt":"2023-02-22T11:11:28","slug":"tutorial-rock-2","status":"publish","type":"product","link":"https:\/\/www.sitam.at\/?product=tutorial-rock-2","title":{"rendered":"Tutorial Rock"},"content":{"rendered":"<p>Diese Tutorial beschreibt in detaillierten und einfach nachvollziehbaren Schritten, wie man einen Business Rock schneidert. Es wird ganz genau erkl\u00e4rt, wie der Rock in Ma\u00dfschneiderqualit\u00e4t und Ma\u00dfschnitt konstruiert und geschneidert wird.<\/p>\n<p>In diesem Tutorial lernt ihr:<\/p>\n<ul>\n<li>Ma\u00dfnehmen<\/li>\n<li>Ma\u00dfschnitt Oberteil mit Abn\u00e4her zeichnen<\/li>\n<li>Ma\u00dfschnitt Kleid mit Glockenrock zeichnen<\/li>\n<li>Den Schnitt f\u00fcr den Zuschnitt vorbereiten<\/li>\n<li>einen Business Rock in Ma\u00dfschneiderqualit\u00e4t herstellen<\/li>\n<\/ul>\n","protected":false},"excerpt":{"rendered":"<p>Diese Tutorial beschreibt in detaillierten und einfach nachvollziehbaren Schritten, wie man einen Business Rock schneidert. Es wird ganz genau erkl\u00e4rt, wie das Kleid in Ma\u00dfschneiderqualit\u00e4t und Ma\u00dfschnitt konstruiert und geschneidert wird.<\/p>\n<p>In diesem Tutorial lernt ihr:<\/p>\n<ul>\n<li>Ma\u00dfnehmen<\/li>\n<li>Ma\u00dfschnitt Oberteil mit Abn\u00e4her zeichnen<\/li>\n<li>Ma\u00dfschnitt Kleid mit Glockenrock zeichnen<\/li>\n<li>Den Schnitt f\u00fcr den Zuschnitt vorbereiten<\/li>\n<li>einen Business Rock in Ma\u00dfschneiderqualit\u00e4t herstellen<\/li>\n<\/ul>\n","protected":false},"featured_media":438,"template":"","meta":{"content-type":"","ngg_post_thumbnail":0},"product_brand":[],"product_cat":[43],"product_tag":[],"class_list":{"0":"post-439","1":"product","2":"type-product","3":"status-publish","4":"has-post-thumbnail","6":"product_cat-kurs","8":"first","9":"instock","10":"taxable","11":"purchasable","12":"product-type-woosb"},"acf":[],"_links":{"self":[{"href":"https:\/\/www.sitam.at\/index.php?rest_route=\/wp\/v2\/product\/439","targetHints":{"allow":["GET"]}}],"collection":[{"href":"https:\/\/www.sitam.at\/index.php?rest_route=\/wp\/v2\/product"}],"about":[{"href":"https:\/\/www.sitam.at\/index.php?rest_route=\/wp\/v2\/types\/product"}],"wp:featuredmedia":[{"embeddable":true,"href":"https:\/\/www.sitam.at\/index.php?rest_route=\/wp\/v2\/media\/438"}],"wp:attachment":[{"href":"https:\/\/www.sitam.at\/index.php?rest_route=%2Fwp%2Fv2%2Fmedia&parent=439"}],"wp:term":[{"taxonomy":"product_brand","embeddable":true,"href":"https:\/\/www.sitam.at\/index.php?rest_route=%2Fwp%2Fv2%2Fproduct_brand&post=439"},{"taxonomy":"product_cat","embeddable":true,"href":"https:\/\/www.sitam.at\/index.php?rest_route=%2Fwp%2Fv2%2Fproduct_cat&post=439"},{"taxonomy":"product_tag","embeddable":true,"href":"https:\/\/www.sitam.at\/index.php?rest_route=%2Fwp%2Fv2%2Fproduct_tag&post=439"}],"curies":[{"name":"wp","href":"https:\/\/api.w.org\/{rel}","templated":true}]}}