{"id":389,"date":"2023-02-19T18:07:13","date_gmt":"2023-02-19T17:07:13","guid":{"rendered":"https:\/\/sitam.bplaced.net\/?post_type=product&#038;p=389"},"modified":"2023-03-06T12:01:43","modified_gmt":"2023-03-06T11:01:43","slug":"hose-naehen","status":"publish","type":"product","link":"https:\/\/www.sitam.at\/?product=hose-naehen","title":{"rendered":"Videokurs Hose n\u00e4hen"},"content":{"rendered":"<p>Schmale klassische Hose mit Taschen in Jeansform und Paspeltaschen.<\/p>\n<p>In diesem Video wird Schritt f\u00fcr Schritt gezeigt, wie man eine Hose in Ma\u00dfschneiderqualit\u00e4t n\u00e4ht<\/p>\n","protected":false},"excerpt":{"rendered":"<p>Schmale klassische Hose mit Taschen in Jeansform und Paspeltaschen.<\/p>\n<p>In diesem Video wird Schritt f\u00fcr Schritt gezeigt, wie man eine Hose in Ma\u00dfschneiderqualit\u00e4t n\u00e4ht<\/p>\n","protected":false},"featured_media":467,"template":"","meta":{"content-type":"","ngg_post_thumbnail":0},"product_brand":[],"product_cat":[43],"product_tag":[],"class_list":{"0":"post-389","1":"product","2":"type-product","3":"status-publish","4":"has-post-thumbnail","6":"product_cat-kurs","8":"first","9":"instock","10":"downloadable","11":"virtual","12":"taxable","13":"purchasable","14":"product-type-simple"},"acf":[],"_links":{"self":[{"href":"https:\/\/www.sitam.at\/index.php?rest_route=\/wp\/v2\/product\/389","targetHints":{"allow":["GET"]}}],"collection":[{"href":"https:\/\/www.sitam.at\/index.php?rest_route=\/wp\/v2\/product"}],"about":[{"href":"https:\/\/www.sitam.at\/index.php?rest_route=\/wp\/v2\/types\/product"}],"wp:featuredmedia":[{"embeddable":true,"href":"https:\/\/www.sitam.at\/index.php?rest_route=\/wp\/v2\/media\/467"}],"wp:attachment":[{"href":"https:\/\/www.sitam.at\/index.php?rest_route=%2Fwp%2Fv2%2Fmedia&parent=389"}],"wp:term":[{"taxonomy":"product_brand","embeddable":true,"href":"https:\/\/www.sitam.at\/index.php?rest_route=%2Fwp%2Fv2%2Fproduct_brand&post=389"},{"taxonomy":"product_cat","embeddable":true,"href":"https:\/\/www.sitam.at\/index.php?rest_route=%2Fwp%2Fv2%2Fproduct_cat&post=389"},{"taxonomy":"product_tag","embeddable":true,"href":"https:\/\/www.sitam.at\/index.php?rest_route=%2Fwp%2Fv2%2Fproduct_tag&post=389"}],"curies":[{"name":"wp","href":"https:\/\/api.w.org\/{rel}","templated":true}]}}